{"id":841,"date":"2024-11-08T15:01:48","date_gmt":"2024-11-08T12:01:48","guid":{"rendered":"http:\/\/10.0.0.75\/en\/?page_id=841"},"modified":"2024-11-29T16:20:56","modified_gmt":"2024-11-29T13:20:56","slug":"soybean-hulls","status":"publish","type":"page","link":"https:\/\/www.bagyaglari.com\/en\/?page_id=841","title":{"rendered":"Soybean Hulls"},"content":{"rendered":"","protected":false},"excerpt":{"rendered":"","protected":false},"author":1,"featured_media":0,"parent":0,"menu_order":0,"comment_status":"closed","ping_status":"closed","template":"","meta":{"saved_in_kubio":true,"footnotes":""},"class_list":["post-841","page","type-page","status-publish","hentry"],"kubio_ai_page_context":{"short_desc":"","purpose":"general"},"yoast_head":"<!-- This site is optimized with the Yoast SEO plugin v24.0 - https:\/\/yoast.com\/wordpress\/plugins\/seo\/ -->\n<title>Soybean Hulls - Ba\u011f Ya\u011flar\u0131 Sanayi ve Ticaret T.A.\u015e.<\/title>\n<meta name=\"robots\" content=\"index, follow, max-snippet:-1, max-image-preview:large, max-video-preview:-1\" \/>\n<link rel=\"canonical\" href=\"https:\/\/www.bagyaglari.com\/en\/?page_id=841\" \/>\n<meta property=\"og:locale\" content=\"en_US\" \/>\n<meta property=\"og:type\" content=\"article\" \/>\n<meta property=\"og:title\" content=\"Soybean Hulls - Ba\u011f Ya\u011flar\u0131 Sanayi ve Ticaret T.A.\u015e.\" \/>\n<meta property=\"og:url\" content=\"https:\/\/www.bagyaglari.com\/en\/?page_id=841\" \/>\n<meta property=\"og:site_name\" content=\"Ba\u011f Ya\u011flar\u0131 Sanayi ve Ticaret T.A.\u015e.\" \/>\n<meta property=\"article:modified_time\" content=\"2024-11-29T13:20:56+00:00\" \/>\n<meta name=\"twitter:card\" content=\"summary_large_image\" \/>\n<script type=\"application\/ld+json\" class=\"yoast-schema-graph\">{\"@context\":\"https:\/\/schema.org\",\"@graph\":[{\"@type\":\"WebPage\",\"@id\":\"https:\/\/www.bagyaglari.com\/en\/?page_id=841\",\"url\":\"https:\/\/www.bagyaglari.com\/en\/?page_id=841\",\"name\":\"Soybean Hulls - Ba\u011f Ya\u011flar\u0131 Sanayi ve Ticaret T.A.\u015e.\",\"isPartOf\":{\"@id\":\"https:\/\/www.bagyaglari.com\/en\/#website\"},\"datePublished\":\"2024-11-08T12:01:48+00:00\",\"dateModified\":\"2024-11-29T13:20:56+00:00\",\"breadcrumb\":{\"@id\":\"https:\/\/www.bagyaglari.com\/en\/?page_id=841#breadcrumb\"},\"inLanguage\":\"en-US\",\"potentialAction\":[{\"@type\":\"ReadAction\",\"target\":[\"https:\/\/www.bagyaglari.com\/en\/?page_id=841\"]}]},{\"@type\":\"BreadcrumbList\",\"@id\":\"https:\/\/www.bagyaglari.com\/en\/?page_id=841#breadcrumb\",\"itemListElement\":[{\"@type\":\"ListItem\",\"position\":1,\"name\":\"Home\",\"item\":\"https:\/\/www.bagyaglari.com\/en\/\"},{\"@type\":\"ListItem\",\"position\":2,\"name\":\"Soybean Hulls\"}]},{\"@type\":\"WebSite\",\"@id\":\"https:\/\/www.bagyaglari.com\/en\/#website\",\"url\":\"https:\/\/www.bagyaglari.com\/en\/\",\"name\":\"Ba\u011f Ya\u011flar\u0131 Sanayi ve Ticaret T.A.\u015e.\",\"description\":\"\",\"publisher\":{\"@id\":\"https:\/\/www.bagyaglari.com\/en\/#organization\"},\"potentialAction\":[{\"@type\":\"SearchAction\",\"target\":{\"@type\":\"EntryPoint\",\"urlTemplate\":\"https:\/\/www.bagyaglari.com\/en\/?s={search_term_string}\"},\"query-input\":{\"@type\":\"PropertyValueSpecification\",\"valueRequired\":true,\"valueName\":\"search_term_string\"}}],\"inLanguage\":\"en-US\"},{\"@type\":\"Organization\",\"@id\":\"https:\/\/www.bagyaglari.com\/en\/#organization\",\"name\":\"Ba\u011f Ya\u011flar\u0131 Sanayi ve Ticaret T.A.\u015e.\",\"url\":\"https:\/\/www.bagyaglari.com\/en\/\",\"logo\":{\"@type\":\"ImageObject\",\"inLanguage\":\"en-US\",\"@id\":\"https:\/\/www.bagyaglari.com\/en\/#\/schema\/logo\/image\/\",\"url\":\"https:\/\/www.bagyaglari.com\/en\/wp-content\/uploads\/2024\/05\/logo_small-1.png\",\"contentUrl\":\"https:\/\/www.bagyaglari.com\/en\/wp-content\/uploads\/2024\/05\/logo_small-1.png\",\"width\":320,\"height\":126,\"caption\":\"Ba\u011f Ya\u011flar\u0131 Sanayi ve Ticaret T.A.\u015e.\"},\"image\":{\"@id\":\"https:\/\/www.bagyaglari.com\/en\/#\/schema\/logo\/image\/\"}}]}<\/script>\n<!-- \/ Yoast SEO plugin. -->","yoast_head_json":{"title":"Soybean Hulls - Ba\u011f Ya\u011flar\u0131 Sanayi ve Ticaret T.A.\u015e.","robots":{"index":"index","follow":"follow","max-snippet":"max-snippet:-1","max-image-preview":"max-image-preview:large","max-video-preview":"max-video-preview:-1"},"canonical":"https:\/\/www.bagyaglari.com\/en\/?page_id=841","og_locale":"en_US","og_type":"article","og_title":"Soybean Hulls - Ba\u011f Ya\u011flar\u0131 Sanayi ve Ticaret T.A.\u015e.","og_url":"https:\/\/www.bagyaglari.com\/en\/?page_id=841","og_site_name":"Ba\u011f Ya\u011flar\u0131 Sanayi ve Ticaret T.A.\u015e.","article_modified_time":"2024-11-29T13:20:56+00:00","twitter_card":"summary_large_image","schema":{"@context":"https:\/\/schema.org","@graph":[{"@type":"WebPage","@id":"https:\/\/www.bagyaglari.com\/en\/?page_id=841","url":"https:\/\/www.bagyaglari.com\/en\/?page_id=841","name":"Soybean Hulls - Ba\u011f Ya\u011flar\u0131 Sanayi ve Ticaret T.A.\u015e.","isPartOf":{"@id":"https:\/\/www.bagyaglari.com\/en\/#website"},"datePublished":"2024-11-08T12:01:48+00:00","dateModified":"2024-11-29T13:20:56+00:00","breadcrumb":{"@id":"https:\/\/www.bagyaglari.com\/en\/?page_id=841#breadcrumb"},"inLanguage":"en-US","potentialAction":[{"@type":"ReadAction","target":["https:\/\/www.bagyaglari.com\/en\/?page_id=841"]}]},{"@type":"BreadcrumbList","@id":"https:\/\/www.bagyaglari.com\/en\/?page_id=841#breadcrumb","itemListElement":[{"@type":"ListItem","position":1,"name":"Home","item":"https:\/\/www.bagyaglari.com\/en\/"},{"@type":"ListItem","position":2,"name":"Soybean Hulls"}]},{"@type":"WebSite","@id":"https:\/\/www.bagyaglari.com\/en\/#website","url":"https:\/\/www.bagyaglari.com\/en\/","name":"Ba\u011f Ya\u011flar\u0131 Sanayi ve Ticaret T.A.\u015e.","description":"","publisher":{"@id":"https:\/\/www.bagyaglari.com\/en\/#organization"},"potentialAction":[{"@type":"SearchAction","target":{"@type":"EntryPoint","urlTemplate":"https:\/\/www.bagyaglari.com\/en\/?s={search_term_string}"},"query-input":{"@type":"PropertyValueSpecification","valueRequired":true,"valueName":"search_term_string"}}],"inLanguage":"en-US"},{"@type":"Organization","@id":"https:\/\/www.bagyaglari.com\/en\/#organization","name":"Ba\u011f Ya\u011flar\u0131 Sanayi ve Ticaret T.A.\u015e.","url":"https:\/\/www.bagyaglari.com\/en\/","logo":{"@type":"ImageObject","inLanguage":"en-US","@id":"https:\/\/www.bagyaglari.com\/en\/#\/schema\/logo\/image\/","url":"https:\/\/www.bagyaglari.com\/en\/wp-content\/uploads\/2024\/05\/logo_small-1.png","contentUrl":"https:\/\/www.bagyaglari.com\/en\/wp-content\/uploads\/2024\/05\/logo_small-1.png","width":320,"height":126,"caption":"Ba\u011f Ya\u011flar\u0131 Sanayi ve Ticaret T.A.\u015e."},"image":{"@id":"https:\/\/www.bagyaglari.com\/en\/#\/schema\/logo\/image\/"}}]}},"_links":{"self":[{"href":"https:\/\/www.bagyaglari.com\/en\/index.php?rest_route=\/wp\/v2\/pages\/841","targetHints":{"allow":["GET"]}}],"collection":[{"href":"https:\/\/www.bagyaglari.com\/en\/index.php?rest_route=\/wp\/v2\/pages"}],"about":[{"href":"https:\/\/www.bagyaglari.com\/en\/index.php?rest_route=\/wp\/v2\/types\/page"}],"author":[{"embeddable":true,"href":"https:\/\/www.bagyaglari.com\/en\/index.php?rest_route=\/wp\/v2\/users\/1"}],"replies":[{"embeddable":true,"href":"https:\/\/www.bagyaglari.com\/en\/index.php?rest_route=%2Fwp%2Fv2%2Fcomments&post=841"}],"version-history":[{"count":14,"href":"https:\/\/www.bagyaglari.com\/en\/index.php?rest_route=\/wp\/v2\/pages\/841\/revisions"}],"predecessor-version":[{"id":923,"href":"https:\/\/www.bagyaglari.com\/en\/index.php?rest_route=\/wp\/v2\/pages\/841\/revisions\/923"}],"wp:attachment":[{"href":"https:\/\/www.bagyaglari.com\/en\/index.php?rest_route=%2Fwp%2Fv2%2Fmedia&parent=841"}],"curies":[{"name":"wp","href":"https:\/\/api.w.org\/{rel}","templated":true}]}}