{"id":446,"date":"2024-10-09T11:53:34","date_gmt":"2024-10-09T08:53:34","guid":{"rendered":"http:\/\/10.0.0.75\/index.php\/home\/"},"modified":"2024-10-09T15:50:30","modified_gmt":"2024-10-09T12:50:30","slug":"home","status":"publish","type":"page","link":"https:\/\/www.bagyaglari.com\/","title":{"rendered":"Home"},"content":{"rendered":"","protected":false},"excerpt":{"rendered":"","protected":false},"author":1,"featured_media":0,"parent":0,"menu_order":0,"comment_status":"closed","ping_status":"closed","template":"template-business.php","meta":{"saved_in_kubio":false,"footnotes":""},"class_list":["post-446","page","type-page","status-publish","hentry"],"kubio_ai_page_context":{"short_desc":"","purpose":"general"},"yoast_head":"<!-- This site is optimized with the Yoast SEO plugin v24.0 - https:\/\/yoast.com\/wordpress\/plugins\/seo\/ -->\n<title>Home - Ba\u011f Ya\u011flar\u0131 Sanayi ve Ticaret T.A.\u015e.<\/title>\n<meta name=\"robots\" content=\"index, follow, max-snippet:-1, max-image-preview:large, max-video-preview:-1\" \/>\n<link rel=\"canonical\" href=\"https:\/\/www.bagyaglari.com\/\" \/>\n<meta property=\"og:locale\" content=\"tr_TR\" \/>\n<meta property=\"og:type\" content=\"article\" \/>\n<meta property=\"og:title\" content=\"Home - Ba\u011f Ya\u011flar\u0131 Sanayi ve Ticaret T.A.\u015e.\" \/>\n<meta property=\"og:url\" content=\"https:\/\/www.bagyaglari.com\/\" \/>\n<meta property=\"og:site_name\" content=\"Ba\u011f Ya\u011flar\u0131 Sanayi ve Ticaret T.A.\u015e.\" \/>\n<meta property=\"article:modified_time\" content=\"2024-10-09T12:50:30+00:00\" \/>\n<meta name=\"twitter:card\" content=\"summary_large_image\" \/>\n<script type=\"application\/ld+json\" class=\"yoast-schema-graph\">{\"@context\":\"https:\/\/schema.org\",\"@graph\":[{\"@type\":\"WebPage\",\"@id\":\"https:\/\/www.bagyaglari.com\/\",\"url\":\"https:\/\/www.bagyaglari.com\/\",\"name\":\"Home - Ba\u011f Ya\u011flar\u0131 Sanayi ve Ticaret T.A.\u015e.\",\"isPartOf\":{\"@id\":\"https:\/\/www.bagyaglari.com\/#website\"},\"datePublished\":\"2024-10-09T08:53:34+00:00\",\"dateModified\":\"2024-10-09T12:50:30+00:00\",\"breadcrumb\":{\"@id\":\"https:\/\/www.bagyaglari.com\/#breadcrumb\"},\"inLanguage\":\"tr\",\"potentialAction\":[{\"@type\":\"ReadAction\",\"target\":[\"https:\/\/www.bagyaglari.com\/\"]}]},{\"@type\":\"BreadcrumbList\",\"@id\":\"https:\/\/www.bagyaglari.com\/#breadcrumb\",\"itemListElement\":[{\"@type\":\"ListItem\",\"position\":1,\"name\":\"Anasayfa\",\"item\":\"https:\/\/www.bagyaglari.com\/\"},{\"@type\":\"ListItem\",\"position\":2,\"name\":\"Home\"}]},{\"@type\":\"WebSite\",\"@id\":\"https:\/\/www.bagyaglari.com\/#website\",\"url\":\"https:\/\/www.bagyaglari.com\/\",\"name\":\"Ba\u011f Ya\u011flar\u0131 Sanayi ve Ticaret T.A.\u015e.\",\"description\":\"\",\"publisher\":{\"@id\":\"https:\/\/www.bagyaglari.com\/#organization\"},\"potentialAction\":[{\"@type\":\"SearchAction\",\"target\":{\"@type\":\"EntryPoint\",\"urlTemplate\":\"https:\/\/www.bagyaglari.com\/?s={search_term_string}\"},\"query-input\":{\"@type\":\"PropertyValueSpecification\",\"valueRequired\":true,\"valueName\":\"search_term_string\"}}],\"inLanguage\":\"tr\"},{\"@type\":\"Organization\",\"@id\":\"https:\/\/www.bagyaglari.com\/#organization\",\"name\":\"Ba\u011f Ya\u011flar\u0131 Sanayi ve Ticaret T.A.\u015e.\",\"url\":\"https:\/\/www.bagyaglari.com\/\",\"logo\":{\"@type\":\"ImageObject\",\"inLanguage\":\"tr\",\"@id\":\"https:\/\/www.bagyaglari.com\/#\/schema\/logo\/image\/\",\"url\":\"https:\/\/www.bagyaglari.com\/wp-content\/uploads\/2024\/05\/logo_small-1.png\",\"contentUrl\":\"https:\/\/www.bagyaglari.com\/wp-content\/uploads\/2024\/05\/logo_small-1.png\",\"width\":320,\"height\":126,\"caption\":\"Ba\u011f Ya\u011flar\u0131 Sanayi ve Ticaret T.A.\u015e.\"},\"image\":{\"@id\":\"https:\/\/www.bagyaglari.com\/#\/schema\/logo\/image\/\"}}]}<\/script>\n<!-- \/ Yoast SEO plugin. -->","yoast_head_json":{"title":"Home - Ba\u011f Ya\u011flar\u0131 Sanayi ve Ticaret T.A.\u015e.","robots":{"index":"index","follow":"follow","max-snippet":"max-snippet:-1","max-image-preview":"max-image-preview:large","max-video-preview":"max-video-preview:-1"},"canonical":"https:\/\/www.bagyaglari.com\/","og_locale":"tr_TR","og_type":"article","og_title":"Home - Ba\u011f Ya\u011flar\u0131 Sanayi ve Ticaret T.A.\u015e.","og_url":"https:\/\/www.bagyaglari.com\/","og_site_name":"Ba\u011f Ya\u011flar\u0131 Sanayi ve Ticaret T.A.\u015e.","article_modified_time":"2024-10-09T12:50:30+00:00","twitter_card":"summary_large_image","schema":{"@context":"https:\/\/schema.org","@graph":[{"@type":"WebPage","@id":"https:\/\/www.bagyaglari.com\/","url":"https:\/\/www.bagyaglari.com\/","name":"Home - Ba\u011f Ya\u011flar\u0131 Sanayi ve Ticaret T.A.\u015e.","isPartOf":{"@id":"https:\/\/www.bagyaglari.com\/#website"},"datePublished":"2024-10-09T08:53:34+00:00","dateModified":"2024-10-09T12:50:30+00:00","breadcrumb":{"@id":"https:\/\/www.bagyaglari.com\/#breadcrumb"},"inLanguage":"tr","potentialAction":[{"@type":"ReadAction","target":["https:\/\/www.bagyaglari.com\/"]}]},{"@type":"BreadcrumbList","@id":"https:\/\/www.bagyaglari.com\/#breadcrumb","itemListElement":[{"@type":"ListItem","position":1,"name":"Anasayfa","item":"https:\/\/www.bagyaglari.com\/"},{"@type":"ListItem","position":2,"name":"Home"}]},{"@type":"WebSite","@id":"https:\/\/www.bagyaglari.com\/#website","url":"https:\/\/www.bagyaglari.com\/","name":"Ba\u011f Ya\u011flar\u0131 Sanayi ve Ticaret T.A.\u015e.","description":"","publisher":{"@id":"https:\/\/www.bagyaglari.com\/#organization"},"potentialAction":[{"@type":"SearchAction","target":{"@type":"EntryPoint","urlTemplate":"https:\/\/www.bagyaglari.com\/?s={search_term_string}"},"query-input":{"@type":"PropertyValueSpecification","valueRequired":true,"valueName":"search_term_string"}}],"inLanguage":"tr"},{"@type":"Organization","@id":"https:\/\/www.bagyaglari.com\/#organization","name":"Ba\u011f Ya\u011flar\u0131 Sanayi ve Ticaret T.A.\u015e.","url":"https:\/\/www.bagyaglari.com\/","logo":{"@type":"ImageObject","inLanguage":"tr","@id":"https:\/\/www.bagyaglari.com\/#\/schema\/logo\/image\/","url":"https:\/\/www.bagyaglari.com\/wp-content\/uploads\/2024\/05\/logo_small-1.png","contentUrl":"https:\/\/www.bagyaglari.com\/wp-content\/uploads\/2024\/05\/logo_small-1.png","width":320,"height":126,"caption":"Ba\u011f Ya\u011flar\u0131 Sanayi ve Ticaret T.A.\u015e."},"image":{"@id":"https:\/\/www.bagyaglari.com\/#\/schema\/logo\/image\/"}}]}},"_links":{"self":[{"href":"https:\/\/www.bagyaglari.com\/index.php?rest_route=\/wp\/v2\/pages\/446","targetHints":{"allow":["GET"]}}],"collection":[{"href":"https:\/\/www.bagyaglari.com\/index.php?rest_route=\/wp\/v2\/pages"}],"about":[{"href":"https:\/\/www.bagyaglari.com\/index.php?rest_route=\/wp\/v2\/types\/page"}],"author":[{"embeddable":true,"href":"https:\/\/www.bagyaglari.com\/index.php?rest_route=\/wp\/v2\/users\/1"}],"replies":[{"embeddable":true,"href":"https:\/\/www.bagyaglari.com\/index.php?rest_route=%2Fwp%2Fv2%2Fcomments&post=446"}],"version-history":[{"count":2,"href":"https:\/\/www.bagyaglari.com\/index.php?rest_route=\/wp\/v2\/pages\/446\/revisions"}],"predecessor-version":[{"id":464,"href":"https:\/\/www.bagyaglari.com\/index.php?rest_route=\/wp\/v2\/pages\/446\/revisions\/464"}],"wp:attachment":[{"href":"https:\/\/www.bagyaglari.com\/index.php?rest_route=%2Fwp%2Fv2%2Fmedia&parent=446"}],"curies":[{"name":"wp","href":"https:\/\/api.w.org\/{rel}","templated":true}]}}