{"id":928,"date":"2026-03-24T16:59:40","date_gmt":"2026-03-24T13:59:40","guid":{"rendered":"https:\/\/www.bagyaglari.com\/?page_id=928"},"modified":"2026-03-24T17:00:33","modified_gmt":"2026-03-24T14:00:33","slug":"kvkk-politikamiz","status":"publish","type":"page","link":"https:\/\/www.bagyaglari.com\/?page_id=928","title":{"rendered":"KVKK Politikas\u0131"},"content":{"rendered":"\n<p>BA\u011e YA\u011eLARI SANAY\u0130 ve T\u0130CARET T. A. \u015e.<\/p>\n\n\n\n<p>K\u0130\u015e\u0130SEL VER\u0130LER\u0130N KORUNMASI HAKKINDA AYDINLATMA METN\u0130<\/p>\n\n\n\n<p id=\"p-rc_054b82504df89ae9-19\">Ki\u015fisel verilerin i\u015flenmesinde ba\u015fta \u00f6zel hayat\u0131n gizlili\u011fi olmak \u00fczere ki\u015filerin temel hak ve \u00f6zg\u00fcrl\u00fcklerini korunmas\u0131 ama\u00e7layan 6698 say\u0131l\u0131 Ki\u015fisel Verilerin Korunmas\u0131 Kanunu\u2019nun (\u201cKanun\u201d) \u201cVeri Sorumlusunun Ayd\u0131nl<sup><\/sup>atma Y\u00fck\u00fcml\u00fcl\u00fc\u011f\u00fc\u201d b<sup><\/sup>a\u015fl\u0131kl\u0131 10. maddesi ve 10 Mart 2018 tarih ve 30356 say\u0131l\u0131 Resmi Gazetede yay\u0131mlanan Ayd\u0131nlatma Y\u00fck\u00fcml\u00fcl\u00fc\u011f\u00fcn\u00fcn Yerine Getirilmesinde Uyulacak Usul ve Esaslar Hakk\u0131nda Tebli\u011f uyar\u0131nca i\u015fbu Ayd\u0131nlatma Metni ile taraf\u0131m\u0131zca i\u015flenen ki\u015fisel verileriniz hakk\u0131nda sizleri bilgilendirmeyi hedeflemekteyi<sup><\/sup>z.<\/p>\n\n\n\n<p>Madde 1. VER\u0130 SORUMLUSUNUN K\u0130ML\u0130\u011e\u0130<\/p>\n\n\n\n<p id=\"p-rc_054b82504df89ae9-20\">\u015eirketimiz BA\u011e YA\u011eLARI SANAY\u0130 ve T\u0130CARET T. A. \u015e. \u00e7al\u0131\u015fanlar\u0131m\u0131z, \u00e7al\u0131\u015fan adaylar\u0131m\u0131z, m\u00fc\u015fterilerimiz, potansiyel m\u00fc\u015fterilerimiz, ziyaret\u00e7ilerimiz, tedarik\u00e7i \/ dan\u0131\u015fman \/ destek hizmeti sa\u011flay\u0131c\u0131lar\u0131 yetkilileri ile pay sahipleri, <sup><\/sup>i\u015ftiraklerimizin \u00e7al\u0131\u015fanlar\u0131 ile yetkilileri ve \u015eirketimizin pay sahiplerinden elde edilen ki\u015fisel veriler bak\u0131m\u0131ndan Kanun uyar\u0131nca Veri Sorumlusu s\u0131fat\u0131na sahiptir.<\/p>\n\n\n\n<p>Bize a\u015fa\u011f\u0131daki ileti\u015fim bilgileri arac\u0131l\u0131\u011f\u0131yla ula\u015fman\u0131z m\u00fcmk\u00fcnd\u00fcr: Adres: 1520 Cadde No:36 \u015eehitler &#8211; \u0130zmir \/ T\u00fcrkiye 35230 Telefon: +90.232.463 88 68 Fax: +90 232 421 91 81 E-posta: bagyaglari@bagyaglari.com Web Sitesi: <a target=\"_blank\" rel=\"noreferrer noopener\" href=\"https:\/\/www.bagyaglari.com\">www.bagyaglari.com<\/a><\/p>\n\n\n\n<p>Madde 2. K\u0130\u015e\u0130SEL VER\u0130LER\u0130N \u0130\u015eLENME AMA\u00c7LARI NELERD\u0130R?<\/p>\n\n\n\n<p id=\"p-rc_054b82504df89ae9-21\">\u015eirketimiz ile ili\u015fkiniz kapsam\u0131nda;<sup><\/sup> (i) ad soyad\u0131, do\u011fum yeri, do\u011fum tarihi, ya\u015f, foto\u011fraf, n\u00fcfus c\u00fczdan\u0131, kimlik numaras\u0131 gibi kimlik bilgileriniz, kimlik bilgileriniz;<sup><\/sup><sup><\/sup><sup><\/sup> (ii) i\u015fyeri adresi, ev adresi, e-posta, telefon, cep telefonu, ikametgah, adres kay\u0131t sistem<sup><\/sup>i kay\u0131tlar\u0131 gibi ileti\u015fim bilgileriniz,<sup><\/sup><sup><\/sup> (iii) medeni durumlar\u0131, \u00e7ocuk say\u0131lar\u0131, e\u015f ve akrabalar\u0131n<sup><\/sup>a ili\u015fkin veriler, kimlik, f<sup><\/sup>inansal durum, e\u011fitim gibi aile durumuna ili\u015fkin verileriniz,<sup><\/sup><sup><\/sup> (iv) \u00e7al\u0131\u015fma ge\u00e7mi\u015fi, i\u015fveren ismi, mezun olunan okul, \u00f6\u011frenci numaras\u0131, profesyonel yet<sup><\/sup>kinlikler, CV bilgileri gibi e\u011fitim, i\u015f ve profesyonel ya\u015fama ili\u015fkin verileriniz,<sup><\/sup><sup><\/sup><sup><\/sup> (v) banka hesap numaras\u0131, IBAN numar<sup><\/sup>as\u0131 gibi banka hesap verileriniz,<sup><\/sup><sup><\/sup><sup><\/sup><sup><\/sup> (vi) \u00f6zl\u00fck dosyas\u0131n\u0131n olu\u015fturulmas\u0131 i\u00e7in gereken t\u00fcm bil<sup><\/sup>giler, \u00e7al\u0131\u015fan\u0131n pe<sup><\/sup>rformans ve kariyer geli\u015fimine ili\u015fkin her t\u00fcrl\u00fc anket, rapor, \u00e7al\u0131\u015fma, e\u011fitim ya da m\u00fclakata ili\u015fkin bilgiler, \u00e7al\u0131\u015fanla<sup><\/sup>ra sunulacak her t\u00fcrl\u00fc yan hakka ya da menfaate ili\u015fkin bilgiler ile bunlara benzer di\u011fer bi<sup><\/sup>lgiler, i\u00e7eren \u00e7al\u0131\u015fan verileri,<sup><\/sup> (vii) Kamera kay\u0131tlar\u0131, ziyaret\u00e7i kay\u0131tlar\u0131, tesislere giri\u015f ve \u00e7\u0131k\u0131\u015f kay\u0131tlar\u0131 gibi \u015eirket yerle\u015fkemizin g\u00fcvenli\u011fine ili\u015fkin veriler,<sup><\/sup><sup><\/sup> (viii) Kullan\u0131c\u0131 adlar\u0131, \u015fifreler, denetim izleri, IP adresi, WEB sayfas\u0131 eri\u015fim loglar\u0131<sup><\/sup>, ihbarlar ile kurum siber alan\u0131n\u0131n g\u00fcvenli\u011fine ili\u015fkin olabilecek di\u011fer veriler ve loglar\u0131 i\u00e7eren sibe<sup><\/sup>r g\u00fcvenli\u011fe ili\u015fkin veriler,<sup><\/sup><sup><\/sup><sup><\/sup> (ix) Denetim ve tefti\u015f kay\u0131tlar\u0131, denetim ve tefti\u015f raporlar\u0131, denetim ve tefti\u015f am<sup><\/sup>ac\u0131yla yap\u0131lan incelemelere ili\u015fkin bilgiler ile di\u011fer denetim ve tefti\u015flere ili\u015fkin olabilecek veriler a\u015f<sup><\/sup>a\u011f\u0131dak<sup><\/sup>i ama\u00e7larla i\u015flenmektedir;<\/p>\n\n\n\n<ul class=\"wp-block-list\">\n<li>\u0130nsan Kaynaklar\u0131 s\u00fcre\u00e7lerimizin ve faaliyetlerimizin y\u00fcr\u00fct\u00fclebilmesi,<\/li>\n\n\n\n<li>Bilgi g\u00fcvenli\u011fi s\u00fcre\u00e7lerinin planlanmas\u0131, bunlar\u0131n denetimi ve icras\u0131,<\/li>\n\n\n\n<li>Bilgi teknolojileri altyap\u0131s\u0131n\u0131n olu\u015fturulmas\u0131 ve y\u00f6netilmesi,<\/li>\n\n\n\n<li>Finans ve\/veya muhasebe i\u015flerinin takibi,<\/li>\n\n\n\n<li>S\u00f6zle\u015fme y\u00f6netimi, hukuki i\u015flemlerin tesisi ve hukuki s\u00fcre\u00e7lerin takibi,<\/li>\n\n\n\n<li>Tesis ve personel g\u00fcvenli\u011finin sa\u011flanmas\u0131,<\/li>\n\n\n\n<li>\u015eirketimizin s\u00f6zle\u015fmesel ve kanuni y\u00fck\u00fcml\u00fcl\u00fcklerini tam ve gere\u011fi gibi ifa edebilmesi,<\/li>\n\n\n\n<li>Taraf\u0131m\u0131za iletece\u011finiz \u00f6neri, istek, \u015fikayet ve ar\u0131za bildirimlerinin de\u011ferlendirilebilmesi, cevapland\u0131r\u0131labilmesi ve bildirimler uyar\u0131nca iyile\u015ftirme \u00e7al\u0131\u015fmalar\u0131n\u0131n yap\u0131labilmesi,<\/li>\n\n\n\n<li>Yurti\u00e7i ve yurtd\u0131\u015f\u0131 sat\u0131n alma, tedarik, nakliye, lojistik, ithalat ve g\u00fcmr\u00fck i\u015flemlerinin organize edilmesi ve y\u00fcr\u00fct\u00fclmesi,<\/li>\n\n\n\n<li>Grup \u015firketlerimiz, i\u015ftiraklerimiz ve pay sahiplerimiz ve bunlar\u0131n \u00e7al\u0131\u015fanlar\u0131 ile ileti\u015fime ge\u00e7ilmesi,<\/li>\n\n\n\n<li>Verilerin g\u00fcvenli\u011finin sa\u011flanmas\u0131 amac\u0131yla yedeklenmesi.<\/li>\n<\/ul>\n\n\n\n<p id=\"p-rc_054b82504df89ae9-30\">Kanun nezdinde \u201c\u00f6zel nitelikli ki\u015fisel veri\u201d kapsam\u0131nda bulunan; (i) Kan grubu, hastal\u0131k ge\u00e7mi\u015fi, tahlil ve muayene sonu\u00e7lar\u0131, engellilik durumu gibi sa\u011fl\u0131k ile ilgili veriler, (ii) Dernek, vak\u0131f ya da sendika \u00fcyeli\u011fi verileri,<sup><\/sup><sup><\/sup> (iii) Ceza mahkumiyeti ve g\u00fcvenlik tedbirleriyle ilgili veriler a\u015fa\u011f\u0131daki ama\u00e7larla i\u015flenebilmektedir:<sup><\/sup><sup><\/sup><\/p>\n\n\n\n<ul class=\"wp-block-list\">\n<li>Yasal y\u00fck\u00fcml\u00fcl\u00fcklerimizin yerine getirilmesi,<\/li>\n\n\n\n<li>Yetkili kurulu\u015flara mevzuattan kaynakl\u0131 bilgi verilmesi,<\/li>\n\n\n\n<li>\u0130\u015fyeri sa\u011fl\u0131\u011f\u0131 ve g\u00fcvenli\u011fi tedbirlerinin al\u0131nabilmesi.<\/li>\n\n\n\n<li>\u00d6zl\u00fck dosyalar\u0131n\u0131n olu\u015fturulmas\u0131 ve saklanmas\u0131,<\/li>\n\n\n\n<li>G\u00fcvenli\u011fin sa\u011flanmas\u0131,<\/li>\n\n\n\n<li>\u0130\u015f ba\u015fvurusu yapan adaylar\u0131n ba\u015fvurular\u0131n\u0131n de\u011ferlendirilmesi.<\/li>\n<\/ul>\n\n\n\n<p>Madde 3. \u0130\u015eLENEN K\u0130\u015e\u0130SEL VER\u0130LER\u0130N\u0130Z K\u0130MLERE VE HANG\u0130 AMA\u00c7LA AKTARILAB\u0130LECEKT\u0130R?<\/p>\n\n\n\n<p id=\"p-rc_054b82504df89ae9-37\">Ki\u015fisel verileriniz, Kanun\u2019un ki\u015fisel verilerin aktar\u0131lmas\u0131 ve yurtd\u0131\u015f\u0131na aktar\u0131lmas\u0131na ili\u015fkin h\u00fck\u00fcmleri kapsam\u0131nda i\u015fbu Ayd\u0131nlatma Metni\u2019nin 2. maddesinde yer alan ama\u00e7larla; grup \u015firketlerimiz ve i\u015ftiraklerimiz, ilgili vergi daireleri ve bankalar, kamu kurumlar\u0131, mahkemeler, icra daireleri,<sup><\/sup> kolluk kuvvetleri, ili\u015fkili oldu\u011fumuz \u00fc\u00e7\u00fcnc\u00fc taraf ger\u00e7ek ve t\u00fczel ki\u015filer, hizmet<sup><\/sup> sa\u011flay\u0131c\u0131 firmalar ve yetkilileri, i\u015f ortaklar\u0131m\u0131z ve yetkilileri, bankalar, \u015firketimiz pay sahipleri ve \u00e7al\u0131\u015fanlar\u0131, tedarik\u00e7iler ve \u00e7al\u0131\u015fanlar\u0131 ile payla\u015f\u0131labilecektir.<\/p>\n\n\n\n<p>Madde 4. K\u0130\u015e\u0130SEL VER\u0130LER\u0130N\u0130Z\u0130 HANG\u0130 Y\u00d6NTEMLERLE VE HANG\u0130 HUKUK\u0130 SEBEBE DAYANARAK TOPLUYORUZ?<\/p>\n\n\n\n<p id=\"p-rc_054b82504df89ae9-38\">Madde 4.1. K\u0130\u015e\u0130SEL VER\u0130LER\u0130 TOPLAMA Y\u00d6NTEM\u0130 \u015eirketimiz sizlere ait ki\u015fisel verileri; \u015firketimizle hukuki ili\u015fkinizin kurulmas\u0131 esnas\u0131nda ve s\u00f6z konusu hukuki ili\u015fki s\u00fcresince, \u015firketimizi ziyaretiniz s\u0131ras\u0131nda, pay sahiplerimiz, i\u015f ortaklar\u0131m\u0131z ve grup \u015firketlerimizden, internet, telefon, e-posta \u00fczerinden iletilen talep ve ba\u015fvurular ile<sup><\/sup> fiziki, s\u00f6zl\u00fc, yaz\u0131l\u0131 veya elektronik ortamda olmak kayd\u0131yla toplamakta ve s\u00f6z konusu ki\u015fisel verilerin gizlili\u011fi ve g\u00fcvenli\u011finin sa\u011flanmas\u0131 i\u00e7i<sup><\/sup>n mevzuat \u00e7er\u00e7evesinde gerekli tedbirleri almaktad\u0131r.<\/p>\n\n\n\n<p id=\"p-rc_054b82504df89ae9-39\">Madde 4.2. K\u0130\u015e\u0130SEL VER\u0130LER\u0130 TOPLAMANIN HUKUK\u0130 SEBEB\u0130<sup><\/sup> Ki\u015fisel verileriniz Kanun\u2019un 5. maddesi ve 8. maddesi uyar\u0131nca a\u015fa\u011f\u0131daki hukuka uygunluk sebeplerinden birine veya bir ka\u00e7\u0131na dayan\u0131larak toplanmakta, saklanmakta ve i\u015flenmekte, yeterli \u00f6nlemler a<sup><\/sup>l\u0131nmak kayd\u0131yla aktar\u0131lmaktad\u0131r:<sup><\/sup><sup><\/sup><\/p>\n\n\n\n<ul class=\"wp-block-list\">\n<li>A\u00e7\u0131k r\u0131zan\u0131z\u0131n bulunmas\u0131,<\/li>\n\n\n\n<li>\u015eirketimizin tabi oldu\u011fu mevzuatta a\u00e7\u0131k\u00e7a \u00f6ng\u00f6r\u00fclm\u00fc\u015f olmas\u0131,<\/li>\n\n\n\n<li>Ulusal ve uluslararas\u0131 alandaki ilke ve esaslara uyum sa\u011flamak, mevzuat ve resmi otoritelerce \u00f6ng\u00f6r\u00fclen bilgi saklama, raporlama, bilgilendirme y\u00fck\u00fcml\u00fcl\u00fcklerine uymak,<\/li>\n\n\n\n<li>Bir s\u00f6zle\u015fmenin kurulmas\u0131 veya ifas\u0131yla do\u011frudan do\u011fruya ilgili olmas\u0131 kayd\u0131yla, s\u00f6zle\u015fmenin taraflar\u0131na ait ki\u015fisel verilerin i\u015flenmesinin gerekli olmas\u0131, talep edilen \u00fcr\u00fcn ve hizmetleri sunabilmek ve akdetti\u011finiz s\u00f6zle\u015fmelerinin gere\u011finin yerine getirilmesi,<\/li>\n\n\n\n<li>Hukuki y\u00fck\u00fcml\u00fcl\u00fc\u011f\u00fcn yerine getirebilmesi i\u00e7in zorunlu olmas\u0131,<\/li>\n\n\n\n<li>\u0130lgili ki\u015finin kendisi taraf\u0131ndan alenile\u015ftirilmi\u015f olmas\u0131,<\/li>\n\n\n\n<li>Bir hakk\u0131n tesisi, kullan\u0131lmas\u0131 veya korunmas\u0131 i\u00e7in veri i\u015flemenin zorunlu olmas\u0131,<\/li>\n\n\n\n<li>\u0130lgili ki\u015finin temel hak ve \u00f6zg\u00fcrl\u00fcklerine zarar vermemek kayd\u0131yla, veri sorumlusunun me\u015fru menfaatleri i\u00e7in veri i\u015flenmesinin zorunlu olmas\u0131.<\/li>\n<\/ul>\n\n\n\n<p id=\"p-rc_054b82504df89ae9-47\">\u00d6zel nitelikli ki\u015fisel veriler ise \u015fu sebeplere dayan\u0131r:<sup><\/sup><sup><\/sup><\/p>\n\n\n\n<ul class=\"wp-block-list\">\n<li>A\u00e7\u0131k r\u0131zan\u0131z\u0131n bulunmas\u0131,<\/li>\n\n\n\n<li>Sa\u011fl\u0131k d\u0131\u015f\u0131ndaki ki\u015fisel veriler, kanunlarda \u00f6ng\u00f6r\u00fclen hallerde a\u00e7\u0131k r\u0131zas\u0131 aranmaks\u0131z\u0131n,<\/li>\n\n\n\n<li>Sa\u011fl\u0131\u011fa ili\u015fkin ki\u015fisel veriler ise ancak kamu sa\u011fl\u0131\u011f\u0131n\u0131n korunmas\u0131, koruyucu hekimlik, t\u0131bb\u00ee te\u015fhis, tedavi ve bak\u0131m hizmetlerinin y\u00fcr\u00fct\u00fclmesi, sa\u011fl\u0131k hizmetleri ile finansman\u0131n\u0131n planlanmas\u0131 ve y\u00f6netimi amac\u0131yla, s\u0131r saklama y\u00fck\u00fcml\u00fcl\u00fc\u011f\u00fc alt\u0131nda bulunan ki\u015filer veya yetkili kurum ve kurulu\u015flar taraf\u0131ndan ilgilinin a\u00e7\u0131k r\u0131zas\u0131 aranmaks\u0131z\u0131n.<\/li>\n<\/ul>\n\n\n\n<p id=\"p-rc_054b82504df89ae9-51\">Madde 4.3. A\u00c7IK RIZA 6698 say\u0131l\u0131 kanun uyar\u0131nca Ki\u015fisel verilerinizin i\u015flenmesinin r\u0131zan\u0131z\u0131n al\u0131nmas\u0131 ko\u015fuluna ba\u011fl\u0131 olmas\u0131 durumuna sizlere ayr\u0131ca bir \u201cA\u00e7\u0131k R\u0131za Metni\u201d metni sunulacak olup, a\u00e7\u0131k r\u0131zan\u0131z\u0131 her zaman bize ba\u015fvurarak geri alma imk\u00e2n\u0131n\u0131z bulunmaktad\u0131r. A\u00e7\u0131k r\u0131zan\u0131z\u0131 geri almak ist<sup><\/sup>emeniz halinde \u015eirketimizle, bagyaglari@bagyaglari.com adresiyle ileti\u015fime ge\u00e7meniz gerekmektedir. R\u0131zan\u0131z\u0131n geri al\u0131nmas\u0131 sadece gelece\u011fe y\u00f6nelik olarak uygulanacakt\u0131r ve ge\u00e7mi\u015fte geri al\u0131n\u0131ncaya kadar ger\u00e7ekle\u015ftirilen veri i\u015flemelerinin huku<sup><\/sup>ka uy<sup><\/sup>gunlu\u011funa etki etmeyecektir.<\/p>\n\n\n\n<p>Madde 5. KANUN KAPSAMINDA \u201c\u0130LG\u0130L\u0130 K\u0130\u015e\u0130\u201d OLARAK HAKLARINIZ NELERD\u0130R?<\/p>\n\n\n\n<p>Kanun uyar\u0131nca a\u015fa\u011f\u0131da belirtilen haklar\u0131n\u0131z bulunmaktad\u0131r:<\/p>\n\n\n\n<ul class=\"wp-block-list\">\n<li>Ki\u015fisel verilerinizin i\u015flenip i\u015flenmedi\u011fini \u00f6\u011frenme,<\/li>\n\n\n\n<li>Ki\u015fisel verileriniz i\u015flenmi\u015fse bilgi talep etme,<\/li>\n\n\n\n<li>Ki\u015fisel verilerinizin i\u015flenme amac\u0131n\u0131 ve amac\u0131na uygun kullan\u0131l\u0131p kullan\u0131lmad\u0131\u011f\u0131n\u0131 \u00f6\u011frenme,<\/li>\n\n\n\n<li>Yurt i\u00e7inde veya yurt d\u0131\u015f\u0131nda ki\u015fisel verilerinizin aktar\u0131ld\u0131\u011f\u0131 3. ki\u015fileri bilme,<\/li>\n\n\n\n<li>Ki\u015fisel verilerinizin eksik veya yanl\u0131\u015f i\u015flenmi\u015f olmas\u0131 halinde bunlar\u0131n d\u00fczeltilmesini isteme,<\/li>\n\n\n\n<li>Kanun\u2019un 7. maddesinde \u00f6ng\u00f6r\u00fclen \u015fartlar \u00e7er\u00e7evesinde ki\u015fisel verilerinizin silinmesini veya yok edilmesini isteme,<\/li>\n\n\n\n<li>Ki\u015fisel verilerinizin eksik veya yanl\u0131\u015f i\u015flenmi\u015f olmas\u0131 halinde bunlar\u0131n d\u00fczeltilmesi ve Kanun\u2019un 7. maddesinde \u00f6ng\u00f6r\u00fclen \u015fartlar \u00e7er\u00e7evesinde ki\u015fisel verilerinizin silinmesi veya yok edilmesi durumunda ki\u015fisel verilerin aktar\u0131ld\u0131\u011f\u0131 \u00fc\u00e7\u00fcnc\u00fc ki\u015filere bildirilmesini isteme,<\/li>\n\n\n\n<li>\u0130\u015flenen verilerin m\u00fcnhas\u0131ran otomatik sistemler vas\u0131tas\u0131yla analiz edilmesi suretiyle ki\u015finin kendisi aleyhine bir sonucun ortaya \u00e7\u0131kmas\u0131na itiraz etme,<\/li>\n\n\n\n<li>Ki\u015fisel verilerin kanuna ayk\u0131r\u0131 olarak i\u015flenmesi sebebiyle zarara u\u011framan\u0131z halinde zarar\u0131n giderilmesini talep etme.<\/li>\n<\/ul>\n\n\n\n<p>Taleplerinizi, dilek\u00e7eniz ile Madde 1 i\u00e7inde tan\u0131mlanm\u0131\u015f \u201c1520 Cadde No:36 Sehitler &#8211; \u0130zmir \/ T\u00fcrkiye 35230\u201d adresine bizzat elden iletebilir, noter kanal\u0131yla ula\u015ft\u0131rabilirsiniz. Bunun yan\u0131nda kay\u0131tl\u0131 elektronik posta (KEP) adresi, g\u00fcvenli elektronik imza, mobil imza veya sistemlerimizde kay\u0131tl\u0131 bulunan elektronik posta adresini kullanmak suretiyle iletebilirsiniz.<\/p>\n\n\n\n<p>Ba\u015fvuruda; ad\u0131, soyad\u0131, imza, T.C. kimlik numaras\u0131 (veya yabanc\u0131lar i\u00e7in pasaport no), tebligata esas adres, varsa e-posta, telefon ve talep konusunun bulunmas\u0131 zorunludur. Talepleriniz en ge\u00e7 30 g\u00fcn i\u00e7inde sonu\u00e7land\u0131r\u0131l\u0131r. Yaz\u0131l\u0131 cevapta 10 sayfan\u0131n \u00fczerindeki her sayfa i\u00e7in 1 TL \u00fccret al\u0131nabilir. CD veya flash bellek gibi kay\u0131t ortamlar\u0131nda verilmesi halinde maliyet tutar\u0131nda bir \u00fccret talep edilebilir.<\/p>\n\n\n\n<p>VER\u0130 SORUMLUSU BA\u011e YA\u011eLARI SANAY\u0130 ve T\u0130CARET T. A. \u015e<\/p>\n","protected":false},"excerpt":{"rendered":"<p>BA\u011e YA\u011eLARI SANAY\u0130 ve T\u0130CARET T. A. \u015e. K\u0130\u015e\u0130SEL VER\u0130LER\u0130N KORUNMASI HAKKINDA AYDINLATMA METN\u0130 Ki\u015fisel verilerin i\u015flenmesinde ba\u015fta \u00f6zel hayat\u0131n gizlili\u011fi olmak \u00fczere ki\u015filerin temel hak ve \u00f6zg\u00fcrl\u00fcklerini korunmas\u0131 ama\u00e7layan 6698 say\u0131l\u0131 Ki\u015fisel Verilerin Korunmas\u0131 Kanunu\u2019nun (\u201cKanun\u201d) \u201cVeri Sorumlusunun Ayd\u0131nlatma Y\u00fck\u00fcml\u00fcl\u00fc\u011f\u00fc\u201d ba\u015fl\u0131kl\u0131 10. maddesi ve 10 Mart 2018 tarih ve 30356 say\u0131l\u0131 Resmi Gazetede yay\u0131mlanan<\/p><\/div>\n<div class=\"blog-btn\"><a href=\"https:\/\/www.bagyaglari.com\/?page_id=928\" class=\"home-blog-btn\">Daha fazlas\u0131n\u0131 oku<\/a><\/p>\n","protected":false},"author":1,"featured_media":0,"parent":0,"menu_order":0,"comment_status":"closed","ping_status":"closed","template":"","meta":{"saved_in_kubio":false,"footnotes":""},"class_list":["post-928","page","type-page","status-publish","hentry"],"kubio_ai_page_context":{"short_desc":"","purpose":"general"},"yoast_head":"<!-- This site is optimized with the Yoast SEO plugin v24.0 - https:\/\/yoast.com\/wordpress\/plugins\/seo\/ -->\n<title>KVKK Politikas\u0131 - Ba\u011f Ya\u011flar\u0131 Sanayi ve Ticaret T.A.\u015e.<\/title>\n<meta name=\"robots\" content=\"index, follow, max-snippet:-1, max-image-preview:large, max-video-preview:-1\" \/>\n<link rel=\"canonical\" href=\"https:\/\/www.bagyaglari.com\/?page_id=928\" \/>\n<meta property=\"og:locale\" content=\"tr_TR\" \/>\n<meta property=\"og:type\" content=\"article\" \/>\n<meta property=\"og:title\" content=\"KVKK Politikas\u0131 - Ba\u011f Ya\u011flar\u0131 Sanayi ve Ticaret T.A.\u015e.\" \/>\n<meta property=\"og:description\" content=\"BA\u011e YA\u011eLARI SANAY\u0130 ve T\u0130CARET T. A. \u015e. K\u0130\u015e\u0130SEL VER\u0130LER\u0130N KORUNMASI HAKKINDA AYDINLATMA METN\u0130 Ki\u015fisel verilerin i\u015flenmesinde ba\u015fta \u00f6zel hayat\u0131n gizlili\u011fi olmak \u00fczere ki\u015filerin temel hak ve \u00f6zg\u00fcrl\u00fcklerini korunmas\u0131 ama\u00e7layan 6698 say\u0131l\u0131 Ki\u015fisel Verilerin Korunmas\u0131 Kanunu\u2019nun (\u201cKanun\u201d) \u201cVeri Sorumlusunun Ayd\u0131nlatma Y\u00fck\u00fcml\u00fcl\u00fc\u011f\u00fc\u201d ba\u015fl\u0131kl\u0131 10. maddesi ve 10 Mart 2018 tarih ve 30356 say\u0131l\u0131 Resmi Gazetede yay\u0131mlananDaha fazlas\u0131n\u0131 oku\" \/>\n<meta property=\"og:url\" content=\"https:\/\/www.bagyaglari.com\/?page_id=928\" \/>\n<meta property=\"og:site_name\" content=\"Ba\u011f Ya\u011flar\u0131 Sanayi ve Ticaret T.A.\u015e.\" \/>\n<meta property=\"article:modified_time\" content=\"2026-03-24T14:00:33+00:00\" \/>\n<meta name=\"twitter:card\" content=\"summary_large_image\" \/>\n<script type=\"application\/ld+json\" class=\"yoast-schema-graph\">{\"@context\":\"https:\/\/schema.org\",\"@graph\":[{\"@type\":\"WebPage\",\"@id\":\"https:\/\/www.bagyaglari.com\/?page_id=928\",\"url\":\"https:\/\/www.bagyaglari.com\/?page_id=928\",\"name\":\"KVKK Politikas\u0131 - Ba\u011f Ya\u011flar\u0131 Sanayi ve Ticaret T.A.\u015e.\",\"isPartOf\":{\"@id\":\"https:\/\/www.bagyaglari.com\/#website\"},\"datePublished\":\"2026-03-24T13:59:40+00:00\",\"dateModified\":\"2026-03-24T14:00:33+00:00\",\"breadcrumb\":{\"@id\":\"https:\/\/www.bagyaglari.com\/?page_id=928#breadcrumb\"},\"inLanguage\":\"tr\",\"potentialAction\":[{\"@type\":\"ReadAction\",\"target\":[\"https:\/\/www.bagyaglari.com\/?page_id=928\"]}]},{\"@type\":\"BreadcrumbList\",\"@id\":\"https:\/\/www.bagyaglari.com\/?page_id=928#breadcrumb\",\"itemListElement\":[{\"@type\":\"ListItem\",\"position\":1,\"name\":\"Anasayfa\",\"item\":\"https:\/\/www.bagyaglari.com\/\"},{\"@type\":\"ListItem\",\"position\":2,\"name\":\"KVKK Politikas\u0131\"}]},{\"@type\":\"WebSite\",\"@id\":\"https:\/\/www.bagyaglari.com\/#website\",\"url\":\"https:\/\/www.bagyaglari.com\/\",\"name\":\"Ba\u011f Ya\u011flar\u0131 Sanayi ve Ticaret T.A.\u015e.\",\"description\":\"\",\"publisher\":{\"@id\":\"https:\/\/www.bagyaglari.com\/#organization\"},\"potentialAction\":[{\"@type\":\"SearchAction\",\"target\":{\"@type\":\"EntryPoint\",\"urlTemplate\":\"https:\/\/www.bagyaglari.com\/?s={search_term_string}\"},\"query-input\":{\"@type\":\"PropertyValueSpecification\",\"valueRequired\":true,\"valueName\":\"search_term_string\"}}],\"inLanguage\":\"tr\"},{\"@type\":\"Organization\",\"@id\":\"https:\/\/www.bagyaglari.com\/#organization\",\"name\":\"Ba\u011f Ya\u011flar\u0131 Sanayi ve Ticaret T.A.\u015e.\",\"url\":\"https:\/\/www.bagyaglari.com\/\",\"logo\":{\"@type\":\"ImageObject\",\"inLanguage\":\"tr\",\"@id\":\"https:\/\/www.bagyaglari.com\/#\/schema\/logo\/image\/\",\"url\":\"https:\/\/www.bagyaglari.com\/wp-content\/uploads\/2024\/05\/logo_small-1.png\",\"contentUrl\":\"https:\/\/www.bagyaglari.com\/wp-content\/uploads\/2024\/05\/logo_small-1.png\",\"width\":320,\"height\":126,\"caption\":\"Ba\u011f Ya\u011flar\u0131 Sanayi ve Ticaret T.A.\u015e.\"},\"image\":{\"@id\":\"https:\/\/www.bagyaglari.com\/#\/schema\/logo\/image\/\"}}]}<\/script>\n<!-- \/ Yoast SEO plugin. -->","yoast_head_json":{"title":"KVKK Politikas\u0131 - Ba\u011f Ya\u011flar\u0131 Sanayi ve Ticaret T.A.\u015e.","robots":{"index":"index","follow":"follow","max-snippet":"max-snippet:-1","max-image-preview":"max-image-preview:large","max-video-preview":"max-video-preview:-1"},"canonical":"https:\/\/www.bagyaglari.com\/?page_id=928","og_locale":"tr_TR","og_type":"article","og_title":"KVKK Politikas\u0131 - Ba\u011f Ya\u011flar\u0131 Sanayi ve Ticaret T.A.\u015e.","og_description":"BA\u011e YA\u011eLARI SANAY\u0130 ve T\u0130CARET T. A. \u015e. K\u0130\u015e\u0130SEL VER\u0130LER\u0130N KORUNMASI HAKKINDA AYDINLATMA METN\u0130 Ki\u015fisel verilerin i\u015flenmesinde ba\u015fta \u00f6zel hayat\u0131n gizlili\u011fi olmak \u00fczere ki\u015filerin temel hak ve \u00f6zg\u00fcrl\u00fcklerini korunmas\u0131 ama\u00e7layan 6698 say\u0131l\u0131 Ki\u015fisel Verilerin Korunmas\u0131 Kanunu\u2019nun (\u201cKanun\u201d) \u201cVeri Sorumlusunun Ayd\u0131nlatma Y\u00fck\u00fcml\u00fcl\u00fc\u011f\u00fc\u201d ba\u015fl\u0131kl\u0131 10. maddesi ve 10 Mart 2018 tarih ve 30356 say\u0131l\u0131 Resmi Gazetede yay\u0131mlananDaha fazlas\u0131n\u0131 oku","og_url":"https:\/\/www.bagyaglari.com\/?page_id=928","og_site_name":"Ba\u011f Ya\u011flar\u0131 Sanayi ve Ticaret T.A.\u015e.","article_modified_time":"2026-03-24T14:00:33+00:00","twitter_card":"summary_large_image","schema":{"@context":"https:\/\/schema.org","@graph":[{"@type":"WebPage","@id":"https:\/\/www.bagyaglari.com\/?page_id=928","url":"https:\/\/www.bagyaglari.com\/?page_id=928","name":"KVKK Politikas\u0131 - Ba\u011f Ya\u011flar\u0131 Sanayi ve Ticaret T.A.\u015e.","isPartOf":{"@id":"https:\/\/www.bagyaglari.com\/#website"},"datePublished":"2026-03-24T13:59:40+00:00","dateModified":"2026-03-24T14:00:33+00:00","breadcrumb":{"@id":"https:\/\/www.bagyaglari.com\/?page_id=928#breadcrumb"},"inLanguage":"tr","potentialAction":[{"@type":"ReadAction","target":["https:\/\/www.bagyaglari.com\/?page_id=928"]}]},{"@type":"BreadcrumbList","@id":"https:\/\/www.bagyaglari.com\/?page_id=928#breadcrumb","itemListElement":[{"@type":"ListItem","position":1,"name":"Anasayfa","item":"https:\/\/www.bagyaglari.com\/"},{"@type":"ListItem","position":2,"name":"KVKK Politikas\u0131"}]},{"@type":"WebSite","@id":"https:\/\/www.bagyaglari.com\/#website","url":"https:\/\/www.bagyaglari.com\/","name":"Ba\u011f Ya\u011flar\u0131 Sanayi ve Ticaret T.A.\u015e.","description":"","publisher":{"@id":"https:\/\/www.bagyaglari.com\/#organization"},"potentialAction":[{"@type":"SearchAction","target":{"@type":"EntryPoint","urlTemplate":"https:\/\/www.bagyaglari.com\/?s={search_term_string}"},"query-input":{"@type":"PropertyValueSpecification","valueRequired":true,"valueName":"search_term_string"}}],"inLanguage":"tr"},{"@type":"Organization","@id":"https:\/\/www.bagyaglari.com\/#organization","name":"Ba\u011f Ya\u011flar\u0131 Sanayi ve Ticaret T.A.\u015e.","url":"https:\/\/www.bagyaglari.com\/","logo":{"@type":"ImageObject","inLanguage":"tr","@id":"https:\/\/www.bagyaglari.com\/#\/schema\/logo\/image\/","url":"https:\/\/www.bagyaglari.com\/wp-content\/uploads\/2024\/05\/logo_small-1.png","contentUrl":"https:\/\/www.bagyaglari.com\/wp-content\/uploads\/2024\/05\/logo_small-1.png","width":320,"height":126,"caption":"Ba\u011f Ya\u011flar\u0131 Sanayi ve Ticaret T.A.\u015e."},"image":{"@id":"https:\/\/www.bagyaglari.com\/#\/schema\/logo\/image\/"}}]}},"_links":{"self":[{"href":"https:\/\/www.bagyaglari.com\/index.php?rest_route=\/wp\/v2\/pages\/928","targetHints":{"allow":["GET"]}}],"collection":[{"href":"https:\/\/www.bagyaglari.com\/index.php?rest_route=\/wp\/v2\/pages"}],"about":[{"href":"https:\/\/www.bagyaglari.com\/index.php?rest_route=\/wp\/v2\/types\/page"}],"author":[{"embeddable":true,"href":"https:\/\/www.bagyaglari.com\/index.php?rest_route=\/wp\/v2\/users\/1"}],"replies":[{"embeddable":true,"href":"https:\/\/www.bagyaglari.com\/index.php?rest_route=%2Fwp%2Fv2%2Fcomments&post=928"}],"version-history":[{"count":3,"href":"https:\/\/www.bagyaglari.com\/index.php?rest_route=\/wp\/v2\/pages\/928\/revisions"}],"predecessor-version":[{"id":931,"href":"https:\/\/www.bagyaglari.com\/index.php?rest_route=\/wp\/v2\/pages\/928\/revisions\/931"}],"wp:attachment":[{"href":"https:\/\/www.bagyaglari.com\/index.php?rest_route=%2Fwp%2Fv2%2Fmedia&parent=928"}],"curies":[{"name":"wp","href":"https:\/\/api.w.org\/{rel}","templated":true}]}}